{"id":111,"date":"2011-06-26T18:37:05","date_gmt":"2011-06-26T16:37:05","guid":{"rendered":"http:\/\/digimakro.de\/?page_id=111"},"modified":"2024-09-30T11:15:04","modified_gmt":"2024-09-30T09:15:04","slug":"impressum-2","status":"publish","type":"page","link":"https:\/\/digimakro.de\/?page_id=111","title":{"rendered":"Impressum"},"content":{"rendered":"<div id=\"digim-3787202079\" class=\"digim-1 digim-entity-placement\" style=\"float: right;\"><div class=\"digim-adlabel\">Werbung<\/div><script async src=\"\/\/pagead2.googlesyndication.com\/pagead\/js\/adsbygoogle.js?client=ca-pub-4323943029669477\" crossorigin=\"anonymous\"><\/script><ins class=\"adsbygoogle\" style=\"display:block;\" data-ad-client=\"ca-pub-4323943029669477\" \ndata-ad-slot=\"\" \ndata-ad-format=\"auto\"><\/ins>\n<script> \n(adsbygoogle = window.adsbygoogle || []).push({}); \n<\/script>\n<\/div><p>Angaben gem\u00e4\u00df \u00a7 5 DDG:<\/p>\n<p><strong>digimakro.de<\/strong><br \/>\n<strong>Fotografie und Grafikdesign<\/strong><br \/>\n<strong> Olaf Wolfram<\/strong><br \/>\n<strong> 08340 Schwarzenberg<\/strong><br \/>\n<strong> Stra\u00dfe der Einheit 15<\/strong><\/p>\n<p><span style=\"color: #000000;\"><span style=\"font-family: Arial, sans-serif;\"><span style=\"font-size: small;\">Steuernummer: 218\/288\/01217<\/span><\/span><\/span><\/p>\n<p>Kontakt:<\/p>\n<p>Telefon: 0 37 74 \/ 17 89 23<br \/>\nMobil: 0 173 \/ 91 604 23<\/p>\n<p>E-Mail: foto@digimakro.de<\/p>\n<p><b>Verantwortlicher nach \u00a7 18 Absatz 2 MStV<\/b>:<\/p>\n<p>Olaf Wolfram<br \/>\n08340 Schwarzenberg<br \/>\nStra\u00dfe der Einheit 15<\/p>\n<p>Kleinunternehmer &#8211; Regelung<\/p>\n<p>Nach \u00a719 UStG, Besteuerung der Kleinunternehmer, enthalten Rechnungen keine MwSt.<\/p>\n<p>Inhalt des Onlineangebotes\/Haftungsausschlu\u00df<\/p>\n<p>Der Autor \u00fcbernimmt keinerlei Gew\u00e4hr f\u00fcr die Aktualit\u00e4t, Korrektheit, Vollst\u00e4ndigkeit oder Qualit\u00e4t der bereitgestellten Informationen. Haftungsanspr\u00fcche gegen den Autor, welche sich auf Sch\u00e4den materieller oder ideeller Art beziehen, die durch die Nutzung oder Nichtnutzung der dargebotenen Informationen bzw. durch die Nutzung fehlerhafter und unvollst\u00e4ndiger Informationen verursacht wurden, sind grunds\u00e4tzlich ausgeschlossen, sofern seitens des Autors kein nachweislich vors\u00e4tzliches oder grob fahrl\u00e4ssiges Verschulden vorliegt. Alle Angebote sind freibleibend und unverbindlich. Der Autor beh\u00e4lt es sich ausdr\u00fccklich vor, Teile der Seiten oder das gesamte Angebot ohne gesonderte Ank\u00fcndigung zu ver\u00e4ndern, zu erg\u00e4nzen, zu l\u00f6schen oder die Ver\u00f6ffentlichung zeitweise oder endg\u00fcltig einzustellen.<\/p>\n<p>Das Urheberrecht f\u00fcr ver\u00f6ffentlichte, vom Autor selbst erstellte Objekte bleibt allein beim Autor der Seiten. Eine Vervielf\u00e4ltigung oder Verwendung solcher Fotografien, Grafiken, Tondokumente, Videosequenzen und Texte in anderen elektronischen oder gedruckten Publikationen ist ohne ausdr\u00fcckliche, schriftliche Zustimmung des Autors nicht gestattet.<\/p>\n<p>Datenschutz<br \/>\nSofern innerhalb des Internetangebotes die M\u00f6glichkeit zur Eingabe pers\u00f6nlicher oder gesch\u00e4ftlicher Daten (Emailadressen, Namen, Anschriften) besteht, so erfolgt die Angabe dieser Daten seitens des Nutzers auf ausdr\u00fccklich freiwilliger Basis. Die Inanspruchnahme und Bezahlung aller angebotenen Dienste ist &#8211; soweit technisch m\u00f6glich und zumutbar &#8211; auch ohne Angabe solcher Daten bzw. unter Angabe anonymisierter Daten oder eines Pseudonyms gestattet.<\/p>\n<p>Rechtswirksamkeit dieses Haftungsausschlusses<br \/>\nDieser Haftungsausschluss ist als Teil des Internetangebotes zu betrachten, von dem aus auf diese Seite verwiesen wurde. Sofern Teile oder einzelne Formulierungen dieses Textes der geltenden Rechtslage nicht, nicht mehr oder nicht vollst\u00e4ndig entsprechen sollten, bleiben die \u00fcbrigen Teile des Dokumentes in ihrem Inhalt und ihrer G\u00fcltigkeit davon unber\u00fchrt.<\/p>\n<p>Am 12. Mai 1998 hat das Landgericht Hamburg entschieden, dass man durch die Anbringung eines Links<br \/>\ndie Inhalte der gelinkten Seite ggf. mitzuverantworten hat (Aktz. 312 0 85\/98). Dies kann -so das LG- nur<br \/>\ndadurch verhindert werden, dass man sich ausdr\u00fccklich von diesen Inhalten distanziert. Deshalb gilt f\u00fcr<br \/>\nalle Links, die sich auf unserer Homepage befinden, folgendes:<br \/>\nF\u00fcr den Inhalt der einzelnen gelinkten Homepages ist ausschlie\u00dflich der betreffende Autor selbst verantwortlich; sie dienen lediglich Informationszwecken! Wir m\u00f6chten ausdr\u00fccklich betonen, dass wir keinerlei Einfluss auf die Gestaltung und die Inhalte der von uns gelinkten Seiten haben und deshalb keinerlei Haftung \u00fcbernehmen. Falls die Links zu Seiten f\u00fchren, die illegale Inhalte haben und gegen bestehendes Recht versto\u00dfen oder Ihre pers\u00f6nlichen Rechte verletzen, bitten wir um eine Benachrichtigung per eMail.<br \/>\nFalls wir mit der Ver\u00f6ffentlichung einzelner Links Ihr Copyright verletzen, teilen Sie es uns bitte mit, wir werden die Vorlagen dann umgehend von unserer Seite entfernen. Falls sich die Rechtsprechung gravierend \u00e4ndern sollte und der Inhalt dieser Seiten Unrecht sein sollte, bitten wir um die M\u00f6glichkeit zur Nachbesserung.<br \/>\nGrunds\u00e4tzlich freuen wir uns \u00fcber die Linkung unserer Seite und genehmigen dieses hiermit, jedoch mit der Einschr\u00e4nkung, das ausschlie\u00dflich auf die Hauptdomain zu linken ist! Also bitte keine Sublinks! Wir untersagen die Linkung jedoch ausdr\u00fccklich f\u00fcr\/von Seiten, deren Inhalt ein strafrechtliches Vergehen (z.B. Kinderpornografie, Terrorismus u.a.) darstellt und dem entsprechend auch geahndet wird. Diese Erkl\u00e4rung gilt f\u00fcr alle auf unsererer Websites angezeigten Links und f\u00fcr alle Inhalte der Seiten, zu denen die bei uns angemeldeten Banner und Links f\u00fchren.<\/p>\n<div id=\"digim-1942129871\" class=\"digim-2 digim-entity-placement\"><div class=\"digim-adlabel\">Werbung<\/div><script async src=\"\/\/pagead2.googlesyndication.com\/pagead\/js\/adsbygoogle.js?client=ca-pub-4323943029669477\" crossorigin=\"anonymous\"><\/script><ins class=\"adsbygoogle\" style=\"display:block;\" data-ad-client=\"ca-pub-4323943029669477\" \ndata-ad-slot=\"\" \ndata-ad-format=\"auto\"><\/ins>\n<script> \n(adsbygoogle = window.adsbygoogle || []).push({}); \n<\/script>\n<\/div>","protected":false},"excerpt":{"rendered":"<p>Angaben gem\u00e4\u00df \u00a7 5 DDG: digimakro.de Fotografie und Grafikdesign Olaf Wolfram 08340 Schwarzenberg Stra\u00dfe der Einheit 15 Steuernummer: 218\/288\/01217 Kontakt: Telefon: 0 37 74 \/ 17 89 23 Mobil: 0 173 \/ 91 604 23 E-Mail: foto@digimakro.de Verantwortlicher nach \u00a7 &hellip; <a href=\"https:\/\/digimakro.de\/?page_id=111\">Weiterlesen <span class=\"meta-nav\">&rarr;<\/span><\/a><\/p>\n","protected":false},"author":1,"featured_media":0,"parent":0,"menu_order":14,"comment_status":"closed","ping_status":"closed","template":"","meta":{"_crdt_document":"","footnotes":""},"class_list":["post-111","page","type-page","status-publish","hentry"],"_links":{"self":[{"href":"https:\/\/digimakro.de\/index.php?rest_route=\/wp\/v2\/pages\/111","targetHints":{"allow":["GET"]}}],"collection":[{"href":"https:\/\/digimakro.de\/index.php?rest_route=\/wp\/v2\/pages"}],"about":[{"href":"https:\/\/digimakro.de\/index.php?rest_route=\/wp\/v2\/types\/page"}],"author":[{"embeddable":true,"href":"https:\/\/digimakro.de\/index.php?rest_route=\/wp\/v2\/users\/1"}],"replies":[{"embeddable":true,"href":"https:\/\/digimakro.de\/index.php?rest_route=%2Fwp%2Fv2%2Fcomments&post=111"}],"version-history":[{"count":16,"href":"https:\/\/digimakro.de\/index.php?rest_route=\/wp\/v2\/pages\/111\/revisions"}],"predecessor-version":[{"id":12194,"href":"https:\/\/digimakro.de\/index.php?rest_route=\/wp\/v2\/pages\/111\/revisions\/12194"}],"wp:attachment":[{"href":"https:\/\/digimakro.de\/index.php?rest_route=%2Fwp%2Fv2%2Fmedia&parent=111"}],"curies":[{"name":"wp","href":"https:\/\/api.w.org\/{rel}","templated":true}]}}