{"id":356,"date":"2011-06-26T23:42:46","date_gmt":"2011-06-26T21:42:46","guid":{"rendered":"http:\/\/digimakro.de\/?page_id=356"},"modified":"2012-07-08T19:59:15","modified_gmt":"2012-07-08T17:59:15","slug":"urheberrecht","status":"publish","type":"page","link":"https:\/\/digimakro.de\/?page_id=356","title":{"rendered":"Urheberrecht"},"content":{"rendered":"<div id=\"digim-1814641504\" class=\"digim-1 digim-entity-placement\" style=\"float: right;\"><div class=\"digim-adlabel\">Werbung<\/div><script async src=\"\/\/pagead2.googlesyndication.com\/pagead\/js\/adsbygoogle.js?client=ca-pub-4323943029669477\" crossorigin=\"anonymous\"><\/script><ins class=\"adsbygoogle\" style=\"display:block;\" data-ad-client=\"ca-pub-4323943029669477\" \ndata-ad-slot=\"\" \ndata-ad-format=\"auto\"><\/ins>\n<script> \n(adsbygoogle = window.adsbygoogle || []).push({}); \n<\/script>\n<\/div><p>Diese Website unterliegt in allen ihren Bestandteilen dem Urheberrecht des Fotografen\/Webmasters Olaf Wolfram! Daher darf KEIN Teil dieser Website, auch nicht auszugsweise, kopiert und\/oder in einem anderen Medium verwendet werden, so lange das schriftliche Einverst\u00e4ndnis des Urheberrecht-Inhabers nicht vorliegt.<br \/>\nWeiterhin <em>verbiete ich<\/em> jegliches Weiterverwenden oder Verlinken <em>meiner Bilder<\/em> oder Inhalte meiner Website auf <em>Facebook oder anderen sozialen Netzwerken durch Dritte!<\/em><\/p>\n<p>F\u00fcr alle Fotografien auf dieser Website gilt:<br \/>\nDie Konditionen zu denen eine eventuelle, andersweite Nutzung genehmigt werden kann, sind ausschlie\u00dflich schriftlich mit dem Urheberrecht-Inhaber zu vereinbaren und richten sich nach dem Verwendungszweck und der gew\u00fcnschten Verwendungsdauer! Es werden ausschlie\u00dflich Lizenzen und keine Exclusivrechte zur Nutzung vergeben!<\/p>\n<p>Die \u00fcblichen Nutzungshonorare, welche ich auch als Richtlinie zur Berechnung meiner Nutzungshonoraren verwende, richten sich nach der aktuellen Foto-\/Bildhonorare &#8211; MFM-Empfehlung welche j\u00e4hrlich erscheint.<\/p>\n<p>Falls Sie Interesse an meinen Aufnahmen haben, setzen Sie sich bitte mit mir in Verbindung: foto@digimakro.de<\/p>\n<p>Eine, durch den Urheberrechtsinhaber nicht genehmigte Ver\u00f6ffentlichung von Bildmaterial stellt eine Verletzung des Urheberrechts nach \u00a7\u00a7 97 Urhebergesetz dar und wird in jedem Fall strafrechtlich verfolgt!!! F\u00fcr jede unberechtigte Nutzung veranschlage ich weitere 500% des \u00fcblichen Nutzungshonorars! Bei Unterlassung der Fotokennzeichnung mit den Daten des Fotografen fallen weitere 100% des \u00fcblichen Nutzungshonorars an! (best\u00e4tigt durch Rechtsprechung, z.B. LG Hamburg vom 20.11.87, Az. 74 0 68\/78, LG M\u00fcnchen I vim 23.4.91, Az. 210 6247\/89)<\/p>\n<p>gez. Olaf Wolfram<\/p>\n<p>Don&#8217;t use this pictures without my permission. \u00a9 All rights reserved<\/p>\n<div id=\"digim-368259479\" class=\"digim-2 digim-entity-placement\"><div class=\"digim-adlabel\">Werbung<\/div><script async src=\"\/\/pagead2.googlesyndication.com\/pagead\/js\/adsbygoogle.js?client=ca-pub-4323943029669477\" crossorigin=\"anonymous\"><\/script><ins class=\"adsbygoogle\" style=\"display:block;\" data-ad-client=\"ca-pub-4323943029669477\" \ndata-ad-slot=\"\" \ndata-ad-format=\"auto\"><\/ins>\n<script> \n(adsbygoogle = window.adsbygoogle || []).push({}); \n<\/script>\n<\/div>","protected":false},"excerpt":{"rendered":"<p>Diese Website unterliegt in allen ihren Bestandteilen dem Urheberrecht des Fotografen\/Webmasters Olaf Wolfram! Daher darf KEIN Teil dieser Website, auch nicht auszugsweise, kopiert und\/oder in einem anderen Medium verwendet werden, so lange das schriftliche Einverst\u00e4ndnis des Urheberrecht-Inhabers nicht vorliegt. Weiterhin &hellip; <a href=\"https:\/\/digimakro.de\/?page_id=356\">Weiterlesen <span class=\"meta-nav\">&rarr;<\/span><\/a><\/p>\n","protected":false},"author":1,"featured_media":0,"parent":0,"menu_order":13,"comment_status":"closed","ping_status":"closed","template":"","meta":{"_crdt_document":"","footnotes":""},"class_list":["post-356","page","type-page","status-publish","hentry"],"_links":{"self":[{"href":"https:\/\/digimakro.de\/index.php?rest_route=\/wp\/v2\/pages\/356","targetHints":{"allow":["GET"]}}],"collection":[{"href":"https:\/\/digimakro.de\/index.php?rest_route=\/wp\/v2\/pages"}],"about":[{"href":"https:\/\/digimakro.de\/index.php?rest_route=\/wp\/v2\/types\/page"}],"author":[{"embeddable":true,"href":"https:\/\/digimakro.de\/index.php?rest_route=\/wp\/v2\/users\/1"}],"replies":[{"embeddable":true,"href":"https:\/\/digimakro.de\/index.php?rest_route=%2Fwp%2Fv2%2Fcomments&post=356"}],"version-history":[{"count":11,"href":"https:\/\/digimakro.de\/index.php?rest_route=\/wp\/v2\/pages\/356\/revisions"}],"predecessor-version":[{"id":3061,"href":"https:\/\/digimakro.de\/index.php?rest_route=\/wp\/v2\/pages\/356\/revisions\/3061"}],"wp:attachment":[{"href":"https:\/\/digimakro.de\/index.php?rest_route=%2Fwp%2Fv2%2Fmedia&parent=356"}],"curies":[{"name":"wp","href":"https:\/\/api.w.org\/{rel}","templated":true}]}}